{"id":525,"date":"2023-06-25T13:28:59","date_gmt":"2023-06-25T11:28:59","guid":{"rendered":"https:\/\/casatova.fr\/?post_type=product&#038;p=525"},"modified":"2026-04-12T22:50:30","modified_gmt":"2026-04-12T20:50:30","slug":"brandade-de-saumon-9mois","status":"publish","type":"product","link":"https:\/\/casatova.fr\/index.php\/produit\/brandade-de-saumon-9mois\/","title":{"rendered":"411-Brandade de Saumon Yael- 9mois"},"content":{"rendered":"<p style=\"font-weight: 400\">Pot de Brandade de Saumon, de la marque Les petits Pots de yael d\u00e9s 9mois, avec <strong>morceaux fondants<\/strong><\/p>\n<p style=\"font-weight: 400\"><strong>Attention !<\/strong>\u00a0Afin de garantir un transport s\u00e9curis\u00e9 et d&rsquo;\u00e9viter les bris, nous vous recommandons de passer commande par lots de<strong>\u00a024, 36, 48 ou 60 pots.<\/strong>\u00a0Vous avez la possibilit\u00e9 de composer votre commande en choisissant parmi\u00a0<em><strong>l&rsquo;ensemble de la gamme des petits pots de Yael.<\/strong><\/em><strong><em>\u00a0<\/em><\/strong>Ainsi, vous pourrez profiter de notre d\u00e9licieuse s\u00e9lection tout en assurant une livraison sans casse.<\/p>\n","protected":false},"excerpt":{"rendered":"<div>\n<p>Pots de Yael- 9mois-<strong> Morceaux fondants\u00a0<\/strong><\/p>\n<\/div>\n<div>\n<p>Brandade de Saumon\u2013 200g Casher- Beth Din de Lyon<\/p>\n<p>&nbsp;<\/p>\n<\/div>\n<p>Veuillez noter que pour assurer<strong> un transport s\u00e9curis\u00e9<\/strong> et \u00e9viter les bris, il est recommand\u00e9 de passer commande par <strong>lots de 24, 36, 48 ou 60 pots<\/strong>. Nous vous offrons la flexibilit\u00e9 de composer votre commande en s\u00e9lectionnant parmi <strong>notre gamme compl\u00e8te de petits pots Yael.<\/strong> Cette approche vous permettra de profiter de notre d\u00e9licieuse s\u00e9lection tout en garantissant une livraison sans dommage.<\/p>\n","protected":false},"featured_media":824,"comment_status":"open","ping_status":"closed","template":"","meta":{"_kad_post_transparent":"default","_kad_post_title":"","_kad_post_layout":"default","_kad_post_sidebar_id":"","_kad_post_content_style":"default","_kad_post_vertical_padding":"default","_kad_post_feature":"","_kad_post_feature_position":"","_kad_post_header":false,"_kad_post_footer":false},"product_brand":[],"product_cat":[30,31,20],"product_tag":[],"class_list":{"0":"post-525","1":"product","2":"type-product","3":"status-publish","4":"has-post-thumbnail","6":"product_cat-des-9mois","7":"product_cat-pessah","8":"product_cat-potsdeyael","10":"first","11":"instock","12":"taxable","13":"shipping-taxable","14":"purchasable","15":"product-type-simple","16":"entry","17":"content-bg","18":"loop-entry"},"yoast_head":"<!-- This site is optimized with the Yoast SEO plugin v27.4 - https:\/\/yoast.com\/product\/yoast-seo-wordpress\/ -->\n<title>411-Brandade de Saumon Yael- 9mois - Casatova<\/title>\n<meta name=\"robots\" content=\"index, follow, max-snippet:-1, max-image-preview:large, max-video-preview:-1\" \/>\n<link rel=\"canonical\" href=\"https:\/\/casatova.fr\/index.php\/produit\/brandade-de-saumon-9mois\/\" \/>\n<meta property=\"og:locale\" content=\"fr_FR\" \/>\n<meta property=\"og:type\" content=\"article\" \/>\n<meta property=\"og:title\" content=\"411-Brandade de Saumon Yael- 9mois - Casatova\" \/>\n<meta property=\"og:description\" content=\"Pots de Yael- 9mois- Morceaux fondants\u00a0     Brandade de Saumon\u2013 200g Casher- Beth Din de Lyon  &nbsp;   Veuillez noter que pour assurer un transport s\u00e9curis\u00e9 et \u00e9viter les bris, il est recommand\u00e9 de passer commande par lots de 24, 36, 48 ou 60 pots. Nous vous offrons la flexibilit\u00e9 de composer votre commande en s\u00e9lectionnant parmi notre gamme compl\u00e8te de petits pots Yael. Cette approche vous permettra de profiter de notre d\u00e9licieuse s\u00e9lection tout en garantissant une livraison sans dommage.\" \/>\n<meta property=\"og:url\" content=\"https:\/\/casatova.fr\/index.php\/produit\/brandade-de-saumon-9mois\/\" \/>\n<meta property=\"og:site_name\" content=\"Casatova\" \/>\n<meta property=\"article:modified_time\" content=\"2026-04-12T20:50:30+00:00\" \/>\n<meta property=\"og:image\" content=\"https:\/\/casatova.fr\/wp-content\/uploads\/2023\/06\/PhotoRoom_008_20230702_192233.jpg\" \/>\n\t<meta property=\"og:image:width\" content=\"2016\" \/>\n\t<meta property=\"og:image:height\" content=\"1512\" \/>\n\t<meta property=\"og:image:type\" content=\"image\/jpeg\" \/>\n<meta name=\"twitter:card\" content=\"summary_large_image\" \/>\n<meta name=\"twitter:label1\" content=\"Dur\u00e9e de lecture estim\u00e9e\" \/>\n\t<meta name=\"twitter:data1\" content=\"1 minute\" \/>\n<script type=\"application\/ld+json\" class=\"yoast-schema-graph\">{\"@context\":\"https:\\\/\\\/schema.org\",\"@graph\":[{\"@type\":\"WebPage\",\"@id\":\"https:\\\/\\\/casatova.fr\\\/index.php\\\/produit\\\/brandade-de-saumon-9mois\\\/\",\"url\":\"https:\\\/\\\/casatova.fr\\\/index.php\\\/produit\\\/brandade-de-saumon-9mois\\\/\",\"name\":\"411-Brandade de Saumon Yael- 9mois - Casatova\",\"isPartOf\":{\"@id\":\"https:\\\/\\\/casatova.fr\\\/#website\"},\"primaryImageOfPage\":{\"@id\":\"https:\\\/\\\/casatova.fr\\\/index.php\\\/produit\\\/brandade-de-saumon-9mois\\\/#primaryimage\"},\"image\":{\"@id\":\"https:\\\/\\\/casatova.fr\\\/index.php\\\/produit\\\/brandade-de-saumon-9mois\\\/#primaryimage\"},\"thumbnailUrl\":\"https:\\\/\\\/casatova.fr\\\/wp-content\\\/uploads\\\/2024\\\/12\\\/photoroom_011_20241226_141150.jpeg\",\"datePublished\":\"2023-06-25T11:28:59+00:00\",\"dateModified\":\"2026-04-12T20:50:30+00:00\",\"breadcrumb\":{\"@id\":\"https:\\\/\\\/casatova.fr\\\/index.php\\\/produit\\\/brandade-de-saumon-9mois\\\/#breadcrumb\"},\"inLanguage\":\"fr-FR\",\"potentialAction\":[{\"@type\":\"ReadAction\",\"target\":[\"https:\\\/\\\/casatova.fr\\\/index.php\\\/produit\\\/brandade-de-saumon-9mois\\\/\"]}]},{\"@type\":\"ImageObject\",\"inLanguage\":\"fr-FR\",\"@id\":\"https:\\\/\\\/casatova.fr\\\/index.php\\\/produit\\\/brandade-de-saumon-9mois\\\/#primaryimage\",\"url\":\"https:\\\/\\\/casatova.fr\\\/wp-content\\\/uploads\\\/2024\\\/12\\\/photoroom_011_20241226_141150.jpeg\",\"contentUrl\":\"https:\\\/\\\/casatova.fr\\\/wp-content\\\/uploads\\\/2024\\\/12\\\/photoroom_011_20241226_141150.jpeg\",\"width\":2048,\"height\":2048},{\"@type\":\"BreadcrumbList\",\"@id\":\"https:\\\/\\\/casatova.fr\\\/index.php\\\/produit\\\/brandade-de-saumon-9mois\\\/#breadcrumb\",\"itemListElement\":[{\"@type\":\"ListItem\",\"position\":1,\"name\":\"Accueil\",\"item\":\"https:\\\/\\\/casatova.fr\\\/\"},{\"@type\":\"ListItem\",\"position\":2,\"name\":\"Boutique\",\"item\":\"https:\\\/\\\/casatova.fr\\\/index.php\\\/boutique\\\/\"},{\"@type\":\"ListItem\",\"position\":3,\"name\":\"411-Brandade de Saumon Yael- 9mois\"}]},{\"@type\":\"WebSite\",\"@id\":\"https:\\\/\\\/casatova.fr\\\/#website\",\"url\":\"https:\\\/\\\/casatova.fr\\\/\",\"name\":\"Casatova\",\"description\":\"\",\"publisher\":{\"@id\":\"https:\\\/\\\/casatova.fr\\\/#organization\"},\"potentialAction\":[{\"@type\":\"SearchAction\",\"target\":{\"@type\":\"EntryPoint\",\"urlTemplate\":\"https:\\\/\\\/casatova.fr\\\/?s={search_term_string}\"},\"query-input\":{\"@type\":\"PropertyValueSpecification\",\"valueRequired\":true,\"valueName\":\"search_term_string\"}}],\"inLanguage\":\"fr-FR\"},{\"@type\":\"Organization\",\"@id\":\"https:\\\/\\\/casatova.fr\\\/#organization\",\"name\":\"Casatova\",\"url\":\"https:\\\/\\\/casatova.fr\\\/\",\"logo\":{\"@type\":\"ImageObject\",\"inLanguage\":\"fr-FR\",\"@id\":\"https:\\\/\\\/casatova.fr\\\/#\\\/schema\\\/logo\\\/image\\\/\",\"url\":\"https:\\\/\\\/casatova.fr\\\/wp-content\\\/uploads\\\/2022\\\/04\\\/CASATOVA.png\",\"contentUrl\":\"https:\\\/\\\/casatova.fr\\\/wp-content\\\/uploads\\\/2022\\\/04\\\/CASATOVA.png\",\"width\":500,\"height\":500,\"caption\":\"Casatova\"},\"image\":{\"@id\":\"https:\\\/\\\/casatova.fr\\\/#\\\/schema\\\/logo\\\/image\\\/\"}}]}<\/script>\n<!-- \/ Yoast SEO plugin. -->","yoast_head_json":{"title":"411-Brandade de Saumon Yael- 9mois - Casatova","robots":{"index":"index","follow":"follow","max-snippet":"max-snippet:-1","max-image-preview":"max-image-preview:large","max-video-preview":"max-video-preview:-1"},"canonical":"https:\/\/casatova.fr\/index.php\/produit\/brandade-de-saumon-9mois\/","og_locale":"fr_FR","og_type":"article","og_title":"411-Brandade de Saumon Yael- 9mois - Casatova","og_description":"Pots de Yael- 9mois- Morceaux fondants\u00a0     Brandade de Saumon\u2013 200g Casher- Beth Din de Lyon  &nbsp;   Veuillez noter que pour assurer un transport s\u00e9curis\u00e9 et \u00e9viter les bris, il est recommand\u00e9 de passer commande par lots de 24, 36, 48 ou 60 pots. Nous vous offrons la flexibilit\u00e9 de composer votre commande en s\u00e9lectionnant parmi notre gamme compl\u00e8te de petits pots Yael. Cette approche vous permettra de profiter de notre d\u00e9licieuse s\u00e9lection tout en garantissant une livraison sans dommage.","og_url":"https:\/\/casatova.fr\/index.php\/produit\/brandade-de-saumon-9mois\/","og_site_name":"Casatova","article_modified_time":"2026-04-12T20:50:30+00:00","og_image":[{"width":2016,"height":1512,"url":"https:\/\/casatova.fr\/wp-content\/uploads\/2023\/06\/PhotoRoom_008_20230702_192233.jpg","type":"image\/jpeg"}],"twitter_card":"summary_large_image","twitter_misc":{"Dur\u00e9e de lecture estim\u00e9e":"1 minute"},"schema":{"@context":"https:\/\/schema.org","@graph":[{"@type":"WebPage","@id":"https:\/\/casatova.fr\/index.php\/produit\/brandade-de-saumon-9mois\/","url":"https:\/\/casatova.fr\/index.php\/produit\/brandade-de-saumon-9mois\/","name":"411-Brandade de Saumon Yael- 9mois - Casatova","isPartOf":{"@id":"https:\/\/casatova.fr\/#website"},"primaryImageOfPage":{"@id":"https:\/\/casatova.fr\/index.php\/produit\/brandade-de-saumon-9mois\/#primaryimage"},"image":{"@id":"https:\/\/casatova.fr\/index.php\/produit\/brandade-de-saumon-9mois\/#primaryimage"},"thumbnailUrl":"https:\/\/casatova.fr\/wp-content\/uploads\/2024\/12\/photoroom_011_20241226_141150.jpeg","datePublished":"2023-06-25T11:28:59+00:00","dateModified":"2026-04-12T20:50:30+00:00","breadcrumb":{"@id":"https:\/\/casatova.fr\/index.php\/produit\/brandade-de-saumon-9mois\/#breadcrumb"},"inLanguage":"fr-FR","potentialAction":[{"@type":"ReadAction","target":["https:\/\/casatova.fr\/index.php\/produit\/brandade-de-saumon-9mois\/"]}]},{"@type":"ImageObject","inLanguage":"fr-FR","@id":"https:\/\/casatova.fr\/index.php\/produit\/brandade-de-saumon-9mois\/#primaryimage","url":"https:\/\/casatova.fr\/wp-content\/uploads\/2024\/12\/photoroom_011_20241226_141150.jpeg","contentUrl":"https:\/\/casatova.fr\/wp-content\/uploads\/2024\/12\/photoroom_011_20241226_141150.jpeg","width":2048,"height":2048},{"@type":"BreadcrumbList","@id":"https:\/\/casatova.fr\/index.php\/produit\/brandade-de-saumon-9mois\/#breadcrumb","itemListElement":[{"@type":"ListItem","position":1,"name":"Accueil","item":"https:\/\/casatova.fr\/"},{"@type":"ListItem","position":2,"name":"Boutique","item":"https:\/\/casatova.fr\/index.php\/boutique\/"},{"@type":"ListItem","position":3,"name":"411-Brandade de Saumon Yael- 9mois"}]},{"@type":"WebSite","@id":"https:\/\/casatova.fr\/#website","url":"https:\/\/casatova.fr\/","name":"Casatova","description":"","publisher":{"@id":"https:\/\/casatova.fr\/#organization"},"potentialAction":[{"@type":"SearchAction","target":{"@type":"EntryPoint","urlTemplate":"https:\/\/casatova.fr\/?s={search_term_string}"},"query-input":{"@type":"PropertyValueSpecification","valueRequired":true,"valueName":"search_term_string"}}],"inLanguage":"fr-FR"},{"@type":"Organization","@id":"https:\/\/casatova.fr\/#organization","name":"Casatova","url":"https:\/\/casatova.fr\/","logo":{"@type":"ImageObject","inLanguage":"fr-FR","@id":"https:\/\/casatova.fr\/#\/schema\/logo\/image\/","url":"https:\/\/casatova.fr\/wp-content\/uploads\/2022\/04\/CASATOVA.png","contentUrl":"https:\/\/casatova.fr\/wp-content\/uploads\/2022\/04\/CASATOVA.png","width":500,"height":500,"caption":"Casatova"},"image":{"@id":"https:\/\/casatova.fr\/#\/schema\/logo\/image\/"}}]}},"jetpack_sharing_enabled":true,"_links":{"self":[{"href":"https:\/\/casatova.fr\/index.php\/wp-json\/wp\/v2\/product\/525","targetHints":{"allow":["GET"]}}],"collection":[{"href":"https:\/\/casatova.fr\/index.php\/wp-json\/wp\/v2\/product"}],"about":[{"href":"https:\/\/casatova.fr\/index.php\/wp-json\/wp\/v2\/types\/product"}],"replies":[{"embeddable":true,"href":"https:\/\/casatova.fr\/index.php\/wp-json\/wp\/v2\/comments?post=525"}],"wp:featuredmedia":[{"embeddable":true,"href":"https:\/\/casatova.fr\/index.php\/wp-json\/wp\/v2\/media\/824"}],"wp:attachment":[{"href":"https:\/\/casatova.fr\/index.php\/wp-json\/wp\/v2\/media?parent=525"}],"wp:term":[{"taxonomy":"product_brand","embeddable":true,"href":"https:\/\/casatova.fr\/index.php\/wp-json\/wp\/v2\/product_brand?post=525"},{"taxonomy":"product_cat","embeddable":true,"href":"https:\/\/casatova.fr\/index.php\/wp-json\/wp\/v2\/product_cat?post=525"},{"taxonomy":"product_tag","embeddable":true,"href":"https:\/\/casatova.fr\/index.php\/wp-json\/wp\/v2\/product_tag?post=525"}],"curies":[{"name":"wp","href":"https:\/\/api.w.org\/{rel}","templated":true}]}}