{"id":444,"date":"2023-06-21T20:24:40","date_gmt":"2023-06-21T18:24:40","guid":{"rendered":"https:\/\/casatova.fr\/?post_type=product&#038;p=444"},"modified":"2026-03-21T20:19:59","modified_gmt":"2026-03-21T19:19:59","slug":"harissa-au-miel-picanty","status":"publish","type":"product","link":"https:\/\/casatova.fr\/index.php\/produit\/harissa-au-miel-picanty\/","title":{"rendered":"Harissa au Miel- Picanty"},"content":{"rendered":"<p>La Harissa au Miel offre une combinaison parfaite entre le go\u00fbt sucr\u00e9 du miel et la chaleur de la harissa. C&rsquo;est l&rsquo;accompagnement id\u00e9al pour sublimer vos plats. Elle ajoute une touche de douceur sucr\u00e9e tout en apportant une sensation de chaleur d\u00e9licieuse \u00e0 vos pr\u00e9parations culinaires.<\/p>\n","protected":false},"excerpt":{"rendered":"<p>La Harissa au Miel offre une combinaison parfaite entre le go\u00fbt sucr\u00e9 du miel et la chaleur de la harissa. C&rsquo;est l&rsquo;accompagnement id\u00e9al pour sublimer vos plats. Elle ajoute une touche de douceur sucr\u00e9e tout en apportant une sensation de chaleur d\u00e9licieuse \u00e0 vos pr\u00e9parations culinaires.<\/p>\n<p>Harissa au Miel &#8211; 210g<\/p>\n<p>Casher Katz<\/p>\n","protected":false},"featured_media":406,"comment_status":"open","ping_status":"closed","template":"","meta":{"_kad_post_transparent":"default","_kad_post_title":"","_kad_post_layout":"default","_kad_post_sidebar_id":"","_kad_post_content_style":"default","_kad_post_vertical_padding":"default","_kad_post_feature":"","_kad_post_feature_position":"","_kad_post_header":false,"_kad_post_footer":false},"product_brand":[],"product_cat":[24],"product_tag":[],"class_list":{"0":"post-444","1":"product","2":"type-product","3":"status-publish","4":"has-post-thumbnail","6":"product_cat-harissa-picanty","8":"first","9":"instock","10":"taxable","11":"shipping-taxable","12":"purchasable","13":"product-type-simple","14":"entry","15":"content-bg","16":"loop-entry"},"yoast_head":"<!-- This site is optimized with the Yoast SEO plugin v27.4 - https:\/\/yoast.com\/product\/yoast-seo-wordpress\/ -->\n<title>Harissa au Miel- Picanty - Casatova<\/title>\n<meta name=\"description\" content=\"La Harissa au Miel offre une combinaison parfaite entre le go\u00fbt sucr\u00e9 du miel et la chaleur de la harissa. Elle ajoute une touche de douceur \u00e0 vos plats.\" \/>\n<meta name=\"robots\" content=\"index, follow, max-snippet:-1, max-image-preview:large, max-video-preview:-1\" \/>\n<link rel=\"canonical\" href=\"https:\/\/casatova.fr\/index.php\/produit\/harissa-au-miel-picanty\/\" \/>\n<meta property=\"og:locale\" content=\"fr_FR\" \/>\n<meta property=\"og:type\" content=\"article\" \/>\n<meta property=\"og:title\" content=\"Harissa au Miel- Picanty - Casatova\" \/>\n<meta property=\"og:description\" content=\"La Harissa au Miel offre une combinaison parfaite entre le go\u00fbt sucr\u00e9 du miel et la chaleur de la harissa. Elle ajoute une touche de douceur \u00e0 vos plats.\" \/>\n<meta property=\"og:url\" content=\"https:\/\/casatova.fr\/index.php\/produit\/harissa-au-miel-picanty\/\" \/>\n<meta property=\"og:site_name\" content=\"Casatova\" \/>\n<meta property=\"article:modified_time\" content=\"2026-03-21T19:19:59+00:00\" \/>\n<meta property=\"og:image\" content=\"https:\/\/casatova.fr\/wp-content\/uploads\/2023\/06\/Picanty-Harissa-Single-Jar-Preview-03.1-1.jpg\" \/>\n\t<meta property=\"og:image:width\" content=\"1500\" \/>\n\t<meta property=\"og:image:height\" content=\"1500\" \/>\n\t<meta property=\"og:image:type\" content=\"image\/jpeg\" \/>\n<meta name=\"twitter:card\" content=\"summary_large_image\" \/>\n<meta name=\"twitter:label1\" content=\"Dur\u00e9e de lecture estim\u00e9e\" \/>\n\t<meta name=\"twitter:data1\" content=\"1 minute\" \/>\n<script type=\"application\/ld+json\" class=\"yoast-schema-graph\">{\"@context\":\"https:\\\/\\\/schema.org\",\"@graph\":[{\"@type\":\"WebPage\",\"@id\":\"https:\\\/\\\/casatova.fr\\\/index.php\\\/produit\\\/harissa-au-miel-picanty\\\/\",\"url\":\"https:\\\/\\\/casatova.fr\\\/index.php\\\/produit\\\/harissa-au-miel-picanty\\\/\",\"name\":\"Harissa au Miel- Picanty - Casatova\",\"isPartOf\":{\"@id\":\"https:\\\/\\\/casatova.fr\\\/#website\"},\"primaryImageOfPage\":{\"@id\":\"https:\\\/\\\/casatova.fr\\\/index.php\\\/produit\\\/harissa-au-miel-picanty\\\/#primaryimage\"},\"image\":{\"@id\":\"https:\\\/\\\/casatova.fr\\\/index.php\\\/produit\\\/harissa-au-miel-picanty\\\/#primaryimage\"},\"thumbnailUrl\":\"https:\\\/\\\/casatova.fr\\\/wp-content\\\/uploads\\\/2023\\\/06\\\/Picanty-Harissa-Single-Jar-Preview-03.1-1.jpg\",\"datePublished\":\"2023-06-21T18:24:40+00:00\",\"dateModified\":\"2026-03-21T19:19:59+00:00\",\"description\":\"La Harissa au Miel offre une combinaison parfaite entre le go\u00fbt sucr\u00e9 du miel et la chaleur de la harissa. Elle ajoute une touche de douceur \u00e0 vos plats.\",\"breadcrumb\":{\"@id\":\"https:\\\/\\\/casatova.fr\\\/index.php\\\/produit\\\/harissa-au-miel-picanty\\\/#breadcrumb\"},\"inLanguage\":\"fr-FR\",\"potentialAction\":[{\"@type\":\"ReadAction\",\"target\":[\"https:\\\/\\\/casatova.fr\\\/index.php\\\/produit\\\/harissa-au-miel-picanty\\\/\"]}]},{\"@type\":\"ImageObject\",\"inLanguage\":\"fr-FR\",\"@id\":\"https:\\\/\\\/casatova.fr\\\/index.php\\\/produit\\\/harissa-au-miel-picanty\\\/#primaryimage\",\"url\":\"https:\\\/\\\/casatova.fr\\\/wp-content\\\/uploads\\\/2023\\\/06\\\/Picanty-Harissa-Single-Jar-Preview-03.1-1.jpg\",\"contentUrl\":\"https:\\\/\\\/casatova.fr\\\/wp-content\\\/uploads\\\/2023\\\/06\\\/Picanty-Harissa-Single-Jar-Preview-03.1-1.jpg\",\"width\":1500,\"height\":1500},{\"@type\":\"BreadcrumbList\",\"@id\":\"https:\\\/\\\/casatova.fr\\\/index.php\\\/produit\\\/harissa-au-miel-picanty\\\/#breadcrumb\",\"itemListElement\":[{\"@type\":\"ListItem\",\"position\":1,\"name\":\"Accueil\",\"item\":\"https:\\\/\\\/casatova.fr\\\/\"},{\"@type\":\"ListItem\",\"position\":2,\"name\":\"Boutique\",\"item\":\"https:\\\/\\\/casatova.fr\\\/index.php\\\/boutique\\\/\"},{\"@type\":\"ListItem\",\"position\":3,\"name\":\"Harissa au Miel- Picanty\"}]},{\"@type\":\"WebSite\",\"@id\":\"https:\\\/\\\/casatova.fr\\\/#website\",\"url\":\"https:\\\/\\\/casatova.fr\\\/\",\"name\":\"Casatova\",\"description\":\"\",\"publisher\":{\"@id\":\"https:\\\/\\\/casatova.fr\\\/#organization\"},\"potentialAction\":[{\"@type\":\"SearchAction\",\"target\":{\"@type\":\"EntryPoint\",\"urlTemplate\":\"https:\\\/\\\/casatova.fr\\\/?s={search_term_string}\"},\"query-input\":{\"@type\":\"PropertyValueSpecification\",\"valueRequired\":true,\"valueName\":\"search_term_string\"}}],\"inLanguage\":\"fr-FR\"},{\"@type\":\"Organization\",\"@id\":\"https:\\\/\\\/casatova.fr\\\/#organization\",\"name\":\"Casatova\",\"url\":\"https:\\\/\\\/casatova.fr\\\/\",\"logo\":{\"@type\":\"ImageObject\",\"inLanguage\":\"fr-FR\",\"@id\":\"https:\\\/\\\/casatova.fr\\\/#\\\/schema\\\/logo\\\/image\\\/\",\"url\":\"https:\\\/\\\/casatova.fr\\\/wp-content\\\/uploads\\\/2022\\\/04\\\/CASATOVA.png\",\"contentUrl\":\"https:\\\/\\\/casatova.fr\\\/wp-content\\\/uploads\\\/2022\\\/04\\\/CASATOVA.png\",\"width\":500,\"height\":500,\"caption\":\"Casatova\"},\"image\":{\"@id\":\"https:\\\/\\\/casatova.fr\\\/#\\\/schema\\\/logo\\\/image\\\/\"}}]}<\/script>\n<!-- \/ Yoast SEO plugin. -->","yoast_head_json":{"title":"Harissa au Miel- Picanty - Casatova","description":"La Harissa au Miel offre une combinaison parfaite entre le go\u00fbt sucr\u00e9 du miel et la chaleur de la harissa. Elle ajoute une touche de douceur \u00e0 vos plats.","robots":{"index":"index","follow":"follow","max-snippet":"max-snippet:-1","max-image-preview":"max-image-preview:large","max-video-preview":"max-video-preview:-1"},"canonical":"https:\/\/casatova.fr\/index.php\/produit\/harissa-au-miel-picanty\/","og_locale":"fr_FR","og_type":"article","og_title":"Harissa au Miel- Picanty - Casatova","og_description":"La Harissa au Miel offre une combinaison parfaite entre le go\u00fbt sucr\u00e9 du miel et la chaleur de la harissa. Elle ajoute une touche de douceur \u00e0 vos plats.","og_url":"https:\/\/casatova.fr\/index.php\/produit\/harissa-au-miel-picanty\/","og_site_name":"Casatova","article_modified_time":"2026-03-21T19:19:59+00:00","og_image":[{"width":1500,"height":1500,"url":"https:\/\/casatova.fr\/wp-content\/uploads\/2023\/06\/Picanty-Harissa-Single-Jar-Preview-03.1-1.jpg","type":"image\/jpeg"}],"twitter_card":"summary_large_image","twitter_misc":{"Dur\u00e9e de lecture estim\u00e9e":"1 minute"},"schema":{"@context":"https:\/\/schema.org","@graph":[{"@type":"WebPage","@id":"https:\/\/casatova.fr\/index.php\/produit\/harissa-au-miel-picanty\/","url":"https:\/\/casatova.fr\/index.php\/produit\/harissa-au-miel-picanty\/","name":"Harissa au Miel- Picanty - Casatova","isPartOf":{"@id":"https:\/\/casatova.fr\/#website"},"primaryImageOfPage":{"@id":"https:\/\/casatova.fr\/index.php\/produit\/harissa-au-miel-picanty\/#primaryimage"},"image":{"@id":"https:\/\/casatova.fr\/index.php\/produit\/harissa-au-miel-picanty\/#primaryimage"},"thumbnailUrl":"https:\/\/casatova.fr\/wp-content\/uploads\/2023\/06\/Picanty-Harissa-Single-Jar-Preview-03.1-1.jpg","datePublished":"2023-06-21T18:24:40+00:00","dateModified":"2026-03-21T19:19:59+00:00","description":"La Harissa au Miel offre une combinaison parfaite entre le go\u00fbt sucr\u00e9 du miel et la chaleur de la harissa. Elle ajoute une touche de douceur \u00e0 vos plats.","breadcrumb":{"@id":"https:\/\/casatova.fr\/index.php\/produit\/harissa-au-miel-picanty\/#breadcrumb"},"inLanguage":"fr-FR","potentialAction":[{"@type":"ReadAction","target":["https:\/\/casatova.fr\/index.php\/produit\/harissa-au-miel-picanty\/"]}]},{"@type":"ImageObject","inLanguage":"fr-FR","@id":"https:\/\/casatova.fr\/index.php\/produit\/harissa-au-miel-picanty\/#primaryimage","url":"https:\/\/casatova.fr\/wp-content\/uploads\/2023\/06\/Picanty-Harissa-Single-Jar-Preview-03.1-1.jpg","contentUrl":"https:\/\/casatova.fr\/wp-content\/uploads\/2023\/06\/Picanty-Harissa-Single-Jar-Preview-03.1-1.jpg","width":1500,"height":1500},{"@type":"BreadcrumbList","@id":"https:\/\/casatova.fr\/index.php\/produit\/harissa-au-miel-picanty\/#breadcrumb","itemListElement":[{"@type":"ListItem","position":1,"name":"Accueil","item":"https:\/\/casatova.fr\/"},{"@type":"ListItem","position":2,"name":"Boutique","item":"https:\/\/casatova.fr\/index.php\/boutique\/"},{"@type":"ListItem","position":3,"name":"Harissa au Miel- Picanty"}]},{"@type":"WebSite","@id":"https:\/\/casatova.fr\/#website","url":"https:\/\/casatova.fr\/","name":"Casatova","description":"","publisher":{"@id":"https:\/\/casatova.fr\/#organization"},"potentialAction":[{"@type":"SearchAction","target":{"@type":"EntryPoint","urlTemplate":"https:\/\/casatova.fr\/?s={search_term_string}"},"query-input":{"@type":"PropertyValueSpecification","valueRequired":true,"valueName":"search_term_string"}}],"inLanguage":"fr-FR"},{"@type":"Organization","@id":"https:\/\/casatova.fr\/#organization","name":"Casatova","url":"https:\/\/casatova.fr\/","logo":{"@type":"ImageObject","inLanguage":"fr-FR","@id":"https:\/\/casatova.fr\/#\/schema\/logo\/image\/","url":"https:\/\/casatova.fr\/wp-content\/uploads\/2022\/04\/CASATOVA.png","contentUrl":"https:\/\/casatova.fr\/wp-content\/uploads\/2022\/04\/CASATOVA.png","width":500,"height":500,"caption":"Casatova"},"image":{"@id":"https:\/\/casatova.fr\/#\/schema\/logo\/image\/"}}]}},"jetpack_sharing_enabled":true,"_links":{"self":[{"href":"https:\/\/casatova.fr\/index.php\/wp-json\/wp\/v2\/product\/444","targetHints":{"allow":["GET"]}}],"collection":[{"href":"https:\/\/casatova.fr\/index.php\/wp-json\/wp\/v2\/product"}],"about":[{"href":"https:\/\/casatova.fr\/index.php\/wp-json\/wp\/v2\/types\/product"}],"replies":[{"embeddable":true,"href":"https:\/\/casatova.fr\/index.php\/wp-json\/wp\/v2\/comments?post=444"}],"wp:featuredmedia":[{"embeddable":true,"href":"https:\/\/casatova.fr\/index.php\/wp-json\/wp\/v2\/media\/406"}],"wp:attachment":[{"href":"https:\/\/casatova.fr\/index.php\/wp-json\/wp\/v2\/media?parent=444"}],"wp:term":[{"taxonomy":"product_brand","embeddable":true,"href":"https:\/\/casatova.fr\/index.php\/wp-json\/wp\/v2\/product_brand?post=444"},{"taxonomy":"product_cat","embeddable":true,"href":"https:\/\/casatova.fr\/index.php\/wp-json\/wp\/v2\/product_cat?post=444"},{"taxonomy":"product_tag","embeddable":true,"href":"https:\/\/casatova.fr\/index.php\/wp-json\/wp\/v2\/product_tag?post=444"}],"curies":[{"name":"wp","href":"https:\/\/api.w.org\/{rel}","templated":true}]}}